{"id":3628,"date":"2021-06-16T15:54:31","date_gmt":"2021-06-16T15:54:31","guid":{"rendered":"https:\/\/www.intermax.com.tr\/iletisim\/"},"modified":"2025-05-30T15:17:30","modified_gmt":"2025-05-30T15:17:30","slug":"kontakt","status":"publish","type":"page","link":"https:\/\/www.intermax.com.tr\/de\/kontakt\/","title":{"rendered":"Kontakt"},"content":{"rendered":"\t\t<div data-elementor-type=\"wp-page\" data-elementor-id=\"3628\" class=\"elementor elementor-3628 elementor-42\">\n\t\t\t\t<div class=\"elementor-element elementor-element-9dcaf69 e-con-full e-flex e-con e-parent\" data-id=\"9dcaf69\" data-element_type=\"container\" data-e-type=\"container\">\n\t\t<div class=\"elementor-element elementor-element-9fd508a e-con-full e-flex e-con e-child\" data-id=\"9fd508a\" data-element_type=\"container\" data-e-type=\"container\">\n\t\t\t\t<div class=\"elementor-element elementor-element-73d0bfb elementor-widget elementor-widget-transx_heading\" data-id=\"73d0bfb\" data-element_type=\"widget\" data-e-type=\"widget\" data-widget_type=\"transx_heading.default\">\n\t\t\t\t<div class=\"elementor-widget-container\">\n\t\t\t\t\t\n        <div class=\"transx_heading_widget\">\n            \n                <h2 class=\"transx_heading\">\n                    Hauptsitz                <\/h2>\n                        <\/div>\n        \t\t\t\t<\/div>\n\t\t\t\t<\/div>\n\t\t\t\t<div class=\"elementor-element elementor-element-39bc3c2 elementor-widget elementor-widget-transx_icon_box\" data-id=\"39bc3c2\" data-element_type=\"widget\" data-e-type=\"widget\" data-widget_type=\"transx_icon_box.default\">\n\t\t\t\t<div class=\"elementor-widget-container\">\n\t\t\t\t\t\n        <div class=\"transx_icon_box_widget\">\n            <div class=\"transx_icon_box_item transx_view_type_3\">\n                                    <div class=\"transx_icon_container\">\n                        <svg class=\"icon\">\n\t<svg viewBox=\"0 0 384 384\" xmlns=\"http:\/\/www.w3.org\/2000\/svg\"><path d=\"M353.188 252.052c-23.51 0-46.594-3.677-68.469-10.906-10.906-3.719-23.323-.833-30.438 6.417l-43.177 32.594c-50.073-26.729-80.917-57.563-107.281-107.26l31.635-42.052c8.219-8.208 11.167-20.198 7.635-31.448-7.26-21.99-10.948-45.063-10.948-68.583C132.146 13.823 118.323 0 101.333 0H30.812C13.823 0 0 13.823 0 30.812 0 225.563 158.438 384 353.188 384c16.99 0 30.813-13.823 30.813-30.813v-70.323c-.001-16.989-13.824-30.812-30.813-30.812zm9.479 101.136c0 5.229-4.25 9.479-9.479 9.479-182.99 0-331.854-148.865-331.854-331.854 0-5.229 4.25-9.479 9.479-9.479h70.521c5.229 0 9.479 4.25 9.479 9.479 0 25.802 4.052 51.125 11.979 75.115 1.104 3.542.208 7.208-3.375 10.938L82.75 165.427a10.674 10.674 0 00-1 11.26c29.927 58.823 66.292 95.188 125.531 125.542 3.604 1.885 8.021 1.49 11.292-.979l49.677-37.635a9.414 9.414 0 019.667-2.25c24.156 7.979 49.479 12.021 75.271 12.021 5.229 0 9.479 4.25 9.479 9.479v70.323z\"\/><\/svg>\n<\/svg>                    <\/div>\n                    \n                                    <div class=\"transx_icon_box_content_cont\">\n                                                <h5 class=\"transx_icon_box_title\">\n                                \n                                Telefonnummer                            <\/h5>\n                            \n                                            <div class=\"transx_info_container\">\n                                                                <p><a href=\"tel:++902128731320\">+90 (212)-873 13 20<\/a><br><\/a><\/p>\n                                                            <\/div>\n                                            <\/div>\n                                <\/div>\n        <\/div>\n        \t\t\t\t<\/div>\n\t\t\t\t<\/div>\n\t\t\t\t<div class=\"elementor-element elementor-element-443ef6e elementor-widget elementor-widget-transx_icon_box\" data-id=\"443ef6e\" data-element_type=\"widget\" data-e-type=\"widget\" data-widget_type=\"transx_icon_box.default\">\n\t\t\t\t<div class=\"elementor-widget-container\">\n\t\t\t\t\t\n        <div class=\"transx_icon_box_widget\">\n            <div class=\"transx_icon_box_item transx_view_type_3\">\n                                    <div class=\"transx_icon_container\">\n                        <svg class=\"icon\">\n\t<svg viewBox=\"0 0 479.058 479.058\" xmlns=\"http:\/\/www.w3.org\/2000\/svg\"><path d=\"M434.146 59.882H44.912C20.146 59.882 0 80.028 0 104.794v269.47c0 24.766 20.146 44.912 44.912 44.912h389.234c24.766 0 44.912-20.146 44.912-44.912v-269.47c0-24.766-20.146-44.912-44.912-44.912zm0 29.941c2.034 0 3.969.422 5.738 1.159L239.529 264.631 39.173 90.982a14.902 14.902 0 015.738-1.159zm0 299.411H44.912c-8.26 0-14.971-6.71-14.971-14.971V122.615l199.778 173.141c2.822 2.441 6.316 3.655 9.81 3.655s6.988-1.213 9.81-3.655l199.778-173.141v251.649c-.001 8.26-6.711 14.97-14.971 14.97z\"\/><\/svg>\n<\/svg>                    <\/div>\n                    \n                                    <div class=\"transx_icon_box_content_cont\">\n                                                <h5 class=\"transx_icon_box_title\">\n                                \n                                E-Mail-Adresse                            <\/h5>\n                            \n                                            <div class=\"transx_info_container\">\n                                                                <p><a href=\"mailto:info@intermax.com.tr\">info@intermax.com.tr<\/a><\/p>\n                                                            <\/div>\n                                            <\/div>\n                                <\/div>\n        <\/div>\n        \t\t\t\t<\/div>\n\t\t\t\t<\/div>\n\t\t\t\t<div class=\"elementor-element elementor-element-7afa586 elementor-widget elementor-widget-transx_icon_box\" data-id=\"7afa586\" data-element_type=\"widget\" data-e-type=\"widget\" data-widget_type=\"transx_icon_box.default\">\n\t\t\t\t<div class=\"elementor-widget-container\">\n\t\t\t\t\t\n        <div class=\"transx_icon_box_widget\">\n            <div class=\"transx_icon_box_item transx_view_type_3\">\n                                    <div class=\"transx_icon_container\">\n                        <svg class=\"icon\">\n\t<svg viewBox=\"0 0 512 512\" xmlns=\"http:\/\/www.w3.org\/2000\/svg\"><path d=\"M256 0C153.755 0 70.573 83.182 70.573 185.426c0 126.888 165.939 313.167 173.004 321.035 6.636 7.391 18.222 7.378 24.846 0 7.065-7.868 173.004-194.147 173.004-321.035C441.425 83.182 358.244 0 256 0zm0 469.729c-55.847-66.338-152.035-197.217-152.035-284.301 0-83.834 68.202-152.036 152.035-152.036s152.035 68.202 152.035 152.035C408.034 272.515 311.861 403.37 256 469.729z\"\/><path d=\"M256 92.134c-51.442 0-93.292 41.851-93.292 93.293S204.559 278.72 256 278.72s93.291-41.851 93.291-93.293S307.441 92.134 256 92.134zm0 153.194c-33.03 0-59.9-26.871-59.9-59.901s26.871-59.901 59.9-59.901 59.9 26.871 59.9 59.901-26.871 59.901-59.9 59.901z\"\/><\/svg>\n<\/svg>                    <\/div>\n                    \n                                    <div class=\"transx_icon_box_content_cont\">\n                                                <h5 class=\"transx_icon_box_title\">\n                                \n                                Hauptsitz                            <\/h5>\n                            \n                                            <div class=\"transx_info_container\">\n                                                                <p>Cumhuriyet Mah. G\u00fcrp\u0131nar Yolu Cad. No:2 <br>Kele\u015f Plaza \nKat:4 Ofis:72 34500 <br>B\u00fcy\u00fck\u00e7ekmece \u0130stanbul\/T\u00fcrkiye<\/p>\n                                                            <\/div>\n                                            <\/div>\n                                <\/div>\n        <\/div>\n        \t\t\t\t<\/div>\n\t\t\t\t<\/div>\n\t\t\t\t<div class=\"elementor-element elementor-element-eaa29b2 elementor-widget elementor-widget-shortcode\" data-id=\"eaa29b2\" data-element_type=\"widget\" data-e-type=\"widget\" data-widget_type=\"shortcode.default\">\n\t\t\t\t<div class=\"elementor-widget-container\">\n\t\t\t\t\t\t\t<div class=\"elementor-shortcode\"><iframe src=\"https:\/\/www.google.com\/maps\/embed?pb=!1m18!1m12!1m3!1d3010.383081705953!2d28.627157600000004!3d41.0168742!2m3!1f0!2f0!3f0!3m2!1i1024!2i768!4f13.1!3m3!1m2!1s0x14b55f003d22ef23%3A0xa75e4bb040112b3e!2sIntermax%20Logistics!5e0!3m2!1str!2str!4v1747948249648!5m2!1str!2str\" width=\"600\" height=\"450\" style=\"border:0;\" allowfullscreen=\"\" loading=\"lazy\" referrerpolicy=\"no-referrer-when-downgrade\"><\/iframe><\/div>\n\t\t\t\t\t\t<\/div>\n\t\t\t\t<\/div>\n\t\t\t\t<\/div>\n\t\t<div class=\"elementor-element elementor-element-d6efffa e-con-full e-flex e-con e-child\" data-id=\"d6efffa\" data-element_type=\"container\" data-e-type=\"container\">\n\t\t\t\t<div class=\"elementor-element elementor-element-867ad4b elementor-widget elementor-widget-transx_heading\" data-id=\"867ad4b\" data-element_type=\"widget\" data-e-type=\"widget\" data-widget_type=\"transx_heading.default\">\n\t\t\t\t<div class=\"elementor-widget-container\">\n\t\t\t\t\t\n        <div class=\"transx_heading_widget\">\n            \n                <h2 class=\"transx_heading\">\n                    B\u00fcro in Deutschland                <\/h2>\n                        <\/div>\n        \t\t\t\t<\/div>\n\t\t\t\t<\/div>\n\t\t\t\t<div class=\"elementor-element elementor-element-37a473f elementor-widget elementor-widget-transx_icon_box\" data-id=\"37a473f\" data-element_type=\"widget\" data-e-type=\"widget\" data-widget_type=\"transx_icon_box.default\">\n\t\t\t\t<div class=\"elementor-widget-container\">\n\t\t\t\t\t\n        <div class=\"transx_icon_box_widget\">\n            <div class=\"transx_icon_box_item transx_view_type_3\">\n                                    <div class=\"transx_icon_container\">\n                        <svg class=\"icon\">\n\t<svg viewBox=\"0 0 384 384\" xmlns=\"http:\/\/www.w3.org\/2000\/svg\"><path d=\"M353.188 252.052c-23.51 0-46.594-3.677-68.469-10.906-10.906-3.719-23.323-.833-30.438 6.417l-43.177 32.594c-50.073-26.729-80.917-57.563-107.281-107.26l31.635-42.052c8.219-8.208 11.167-20.198 7.635-31.448-7.26-21.99-10.948-45.063-10.948-68.583C132.146 13.823 118.323 0 101.333 0H30.812C13.823 0 0 13.823 0 30.812 0 225.563 158.438 384 353.188 384c16.99 0 30.813-13.823 30.813-30.813v-70.323c-.001-16.989-13.824-30.812-30.813-30.812zm9.479 101.136c0 5.229-4.25 9.479-9.479 9.479-182.99 0-331.854-148.865-331.854-331.854 0-5.229 4.25-9.479 9.479-9.479h70.521c5.229 0 9.479 4.25 9.479 9.479 0 25.802 4.052 51.125 11.979 75.115 1.104 3.542.208 7.208-3.375 10.938L82.75 165.427a10.674 10.674 0 00-1 11.26c29.927 58.823 66.292 95.188 125.531 125.542 3.604 1.885 8.021 1.49 11.292-.979l49.677-37.635a9.414 9.414 0 019.667-2.25c24.156 7.979 49.479 12.021 75.271 12.021 5.229 0 9.479 4.25 9.479 9.479v70.323z\"\/><\/svg>\n<\/svg>                    <\/div>\n                    \n                                    <div class=\"transx_icon_box_content_cont\">\n                                                <h5 class=\"transx_icon_box_title\">\n                                \n                                Telefonnummer                            <\/h5>\n                            \n                                            <div class=\"transx_info_container\">\n                                                                <p><a href=\"tel:+49621717838340\">+49621 \/ 71783834<\/a><br>+49621 \/ 71783835<\/p>\n                                                            <\/div>\n                                            <\/div>\n                                <\/div>\n        <\/div>\n        \t\t\t\t<\/div>\n\t\t\t\t<\/div>\n\t\t\t\t<div class=\"elementor-element elementor-element-266a371 elementor-widget elementor-widget-transx_icon_box\" data-id=\"266a371\" data-element_type=\"widget\" data-e-type=\"widget\" data-widget_type=\"transx_icon_box.default\">\n\t\t\t\t<div class=\"elementor-widget-container\">\n\t\t\t\t\t\n        <div class=\"transx_icon_box_widget\">\n            <div class=\"transx_icon_box_item transx_view_type_3\">\n                                    <div class=\"transx_icon_container\">\n                        <svg class=\"icon\">\n\t<svg viewBox=\"0 0 479.058 479.058\" xmlns=\"http:\/\/www.w3.org\/2000\/svg\"><path d=\"M434.146 59.882H44.912C20.146 59.882 0 80.028 0 104.794v269.47c0 24.766 20.146 44.912 44.912 44.912h389.234c24.766 0 44.912-20.146 44.912-44.912v-269.47c0-24.766-20.146-44.912-44.912-44.912zm0 29.941c2.034 0 3.969.422 5.738 1.159L239.529 264.631 39.173 90.982a14.902 14.902 0 015.738-1.159zm0 299.411H44.912c-8.26 0-14.971-6.71-14.971-14.971V122.615l199.778 173.141c2.822 2.441 6.316 3.655 9.81 3.655s6.988-1.213 9.81-3.655l199.778-173.141v251.649c-.001 8.26-6.711 14.97-14.971 14.97z\"\/><\/svg>\n<\/svg>                    <\/div>\n                    \n                                    <div class=\"transx_icon_box_content_cont\">\n                                                <h5 class=\"transx_icon_box_title\">\n                                \n                                E-Mail-Adresse                            <\/h5>\n                            \n                                            <div class=\"transx_info_container\">\n                                                                <p><a href=\"mailto:info@intermaxlogistik.de\">info@intermaxlogistik.de<\/a><\/p>\n                                                            <\/div>\n                                            <\/div>\n                                <\/div>\n        <\/div>\n        \t\t\t\t<\/div>\n\t\t\t\t<\/div>\n\t\t\t\t<div class=\"elementor-element elementor-element-455bde4 elementor-widget elementor-widget-transx_icon_box\" data-id=\"455bde4\" data-element_type=\"widget\" data-e-type=\"widget\" data-widget_type=\"transx_icon_box.default\">\n\t\t\t\t<div class=\"elementor-widget-container\">\n\t\t\t\t\t\n        <div class=\"transx_icon_box_widget\">\n            <div class=\"transx_icon_box_item transx_view_type_3\">\n                                    <div class=\"transx_icon_container\">\n                        <svg class=\"icon\">\n\t<svg viewBox=\"0 0 512 512\" xmlns=\"http:\/\/www.w3.org\/2000\/svg\"><path d=\"M256 0C153.755 0 70.573 83.182 70.573 185.426c0 126.888 165.939 313.167 173.004 321.035 6.636 7.391 18.222 7.378 24.846 0 7.065-7.868 173.004-194.147 173.004-321.035C441.425 83.182 358.244 0 256 0zm0 469.729c-55.847-66.338-152.035-197.217-152.035-284.301 0-83.834 68.202-152.036 152.035-152.036s152.035 68.202 152.035 152.035C408.034 272.515 311.861 403.37 256 469.729z\"\/><path d=\"M256 92.134c-51.442 0-93.292 41.851-93.292 93.293S204.559 278.72 256 278.72s93.291-41.851 93.291-93.293S307.441 92.134 256 92.134zm0 153.194c-33.03 0-59.9-26.871-59.9-59.901s26.871-59.901 59.9-59.901 59.9 26.871 59.9 59.901-26.871 59.901-59.9 59.901z\"\/><\/svg>\n<\/svg>                    <\/div>\n                    \n                                    <div class=\"transx_icon_box_content_cont\">\n                                                <h5 class=\"transx_icon_box_title\">\n                                \n                                B\u00fcro in Deutschland                            <\/h5>\n                            \n                                            <div class=\"transx_info_container\">\n                                                                <p>M\u00fchlenstra\u00dfe 2\n68169 <br>Mannheim\/Germany<\/p>\n                                                            <\/div>\n                                            <\/div>\n                                <\/div>\n        <\/div>\n        \t\t\t\t<\/div>\n\t\t\t\t<\/div>\n\t\t\t\t<div class=\"elementor-element elementor-element-095639f elementor-widget elementor-widget-google_maps\" data-id=\"095639f\" data-element_type=\"widget\" data-e-type=\"widget\" data-widget_type=\"google_maps.default\">\n\t\t\t\t<div class=\"elementor-widget-container\">\n\t\t\t\t\t\t\t<div class=\"elementor-custom-embed\">\n\t\t\t<iframe loading=\"lazy\"\n\t\t\t\t\tsrc=\"https:\/\/maps.google.com\/maps?q=M%C3%BChlenstra%C3%9Fe%202%2068169%20%3Cbr%3EMannheim%2FGERMANY&#038;t=m&#038;z=14&#038;output=embed&#038;iwloc=near\"\n\t\t\t\t\ttitle=\"M\u00fchlenstra\u00dfe 2 68169 &lt;br&gt;Mannheim\/GERMANY\"\n\t\t\t\t\taria-label=\"M\u00fchlenstra\u00dfe 2 68169 &lt;br&gt;Mannheim\/GERMANY\"\n\t\t\t><\/iframe>\n\t\t<\/div>\n\t\t\t\t\t\t<\/div>\n\t\t\t\t<\/div>\n\t\t\t\t<\/div>\n\t\t\t\t<\/div>\n\t\t<div class=\"elementor-element elementor-element-b182283 e-flex e-con-boxed e-con e-parent\" data-id=\"b182283\" data-element_type=\"container\" data-e-type=\"container\">\n\t\t\t\t\t<div class=\"e-con-inner\">\n\t\t\t\t<div class=\"elementor-element elementor-element-021dc1f elementor-widget elementor-widget-heading\" data-id=\"021dc1f\" data-element_type=\"widget\" data-e-type=\"widget\" data-widget_type=\"heading.default\">\n\t\t\t\t<div class=\"elementor-widget-container\">\n\t\t\t\t\t<h2 class=\"elementor-heading-title elementor-size-default\">Kontaktformular<\/h2>\t\t\t\t<\/div>\n\t\t\t\t<\/div>\n\t\t\t\t<div class=\"elementor-element elementor-element-2afc5bd elementor-widget elementor-widget-shortcode\" data-id=\"2afc5bd\" data-element_type=\"widget\" data-e-type=\"widget\" data-widget_type=\"shortcode.default\">\n\t\t\t\t<div class=\"elementor-widget-container\">\n\t\t\t\t\t\t\t<div class=\"elementor-shortcode\"><div class=\"forminator-ui forminator-custom-form forminator-custom-form-4278 forminator-design--default  forminator_ajax\" data-forminator-render=\"0\" data-form=\"forminator-module-4278\" data-uid=\"69e8a72ef3d77\"><br\/><\/div><form\n\t\t\t\tid=\"forminator-module-4278\"\n\t\t\t\tclass=\"forminator-ui forminator-custom-form forminator-custom-form-4278 forminator-design--default  forminator_ajax\"\n\t\t\t\tmethod=\"post\"\n\t\t\t\tdata-forminator-render=\"0\"\n\t\t\t\tdata-form-id=\"4278\"\n\t\t\t\t data-color-option=\"theme\" data-design=\"default\" data-grid=\"open\" style=\"display: none;\"\n\t\t\t\tdata-uid=\"69e8a72ef3d77\"\n\t\t\t><div role=\"alert\" aria-live=\"polite\" class=\"forminator-response-message forminator-error\" aria-hidden=\"true\"><\/div><div class=\"forminator-row\"><div id=\"name-1\" class=\"forminator-field-name forminator-col forminator-col-12 \"><div class=\"forminator-field\"><input type=\"text\" name=\"name-1\" value=\"\" placeholder=\"Ihr Vor- und Nachname\" id=\"forminator-field-name-1_69e8a72ef3d77\" class=\"forminator-input forminator-name--field\" aria-required=\"true\" autocomplete=\"name\" \/><\/div><\/div><\/div><div class=\"forminator-row\"><div id=\"email-1\" class=\"forminator-field-email forminator-col forminator-col-12 \"><div class=\"forminator-field\"><input type=\"email\" name=\"email-1\" value=\"\" placeholder=\"E-Mail-Adresse\" id=\"forminator-field-email-1_69e8a72ef3d77\" class=\"forminator-input forminator-email--field\" data-required=\"1\" aria-required=\"true\" autocomplete=\"email\" \/><\/div><\/div><\/div><div class=\"forminator-row\"><div id=\"phone-1\" class=\"forminator-field-phone forminator-col forminator-col-12 \"><div class=\"forminator-field\"><input type=\"text\" name=\"phone-1\" value=\"\" placeholder=\"Ihre Telefonnummer\" id=\"forminator-field-phone-1_69e8a72ef3d77\" class=\"forminator-input forminator-field--phone\" data-required=\"1\" aria-required=\"true\" autocomplete=\"off\" \/><\/div><\/div><\/div><div class=\"forminator-row\"><div id=\"text-1\" class=\"forminator-field-text forminator-col forminator-col-12 \"><div class=\"forminator-field\"><input type=\"text\" name=\"text-1\" value=\"\" placeholder=\"Thema\" id=\"forminator-field-text-1_69e8a72ef3d77\" class=\"forminator-input forminator-name--field\" data-required=\"1\" \/><\/div><\/div><\/div><div class=\"forminator-row\"><div id=\"textarea-1\" class=\"forminator-field-textarea forminator-col forminator-col-12 \"><div class=\"forminator-field\"><textarea name=\"textarea-1\" placeholder=\"Ihre Nachricht\" id=\"forminator-field-textarea-1_69e8a72ef3d77\" class=\"forminator-textarea\" rows=\"6\" style=\"--forminator-textarea-min-height:140px;\" ><\/textarea><\/div><\/div><\/div><div class=\"forminator-row\"><div id=\"checkbox-1\" class=\"forminator-field-checkbox forminator-col forminator-col-12 \"><div role=\"group\" class=\"forminator-field required\" aria-labelledby=\"forminator-checkbox-group-forminator-field-checkbox-1-69e8a72ef3d77-label\"><span id=\"forminator-checkbox-group-forminator-field-checkbox-1-69e8a72ef3d77-label\" class=\"forminator-label\">Onay Kutusu <span class=\"forminator-required\">*<\/span><\/span><label id=\"forminator-field-checkbox-1-1-69e8a72ef3d77-label\" for=\"forminator-field-checkbox-1-1-69e8a72ef3d77\" class=\"forminator-checkbox\" title=\"Ich stimme zu, dass Intermax (Intermax International Transportation and Foreign Trade Ltd. Co.) mich auf Grundlage der von mir mitgeteilten Informationen kontaktiert.\"><input type=\"checkbox\" name=\"checkbox-1[]\" value=\"one\" id=\"forminator-field-checkbox-1-1-69e8a72ef3d77\" aria-labelledby=\"forminator-field-checkbox-1-1-69e8a72ef3d77-label\" data-calculation=\"0\"   data-hidden-behavior=\"zero\"\/><span class=\"forminator-checkbox-box\" aria-hidden=\"true\"><\/span><span class=\"forminator-checkbox-label\">Ich stimme zu, dass Intermax (Intermax International Transportation and Foreign Trade Ltd. Co.) mich auf Grundlage der von mir mitgeteilten Informationen kontaktiert.<\/span><\/label><\/div><\/div><\/div><input type=\"hidden\" name=\"referer_url\" value=\"\" \/><div class=\"forminator-row forminator-row-last\"><div class=\"forminator-col\"><div class=\"forminator-field\"><button class=\"forminator-button forminator-button-submit\">Schicken<\/button><\/div><\/div><\/div><input type=\"hidden\" id=\"forminator_nonce\" name=\"forminator_nonce\" value=\"4ae36ea9ae\" \/><input type=\"hidden\" name=\"_wp_http_referer\" value=\"\/de\/wp-json\/wp\/v2\/pages\/3628\" \/><input type=\"hidden\" name=\"form_id\" value=\"4278\"><input type=\"hidden\" name=\"page_id\" value=\"3628\"><input type=\"hidden\" name=\"form_type\" value=\"default\"><input type=\"hidden\" name=\"current_url\" value=\"https:\/\/www.intermax.com.tr\/de\/kontakt\/\"><input type=\"hidden\" name=\"render_id\" value=\"0\"><input type=\"hidden\" name=\"action\" value=\"forminator_submit_form_custom-forms\"><\/form><\/div>\n\t\t\t\t\t\t<\/div>\n\t\t\t\t<\/div>\n\t\t\t\t\t<\/div>\n\t\t\t\t<\/div>\n\t\t\t\t<\/div>\n\t\t","protected":false},"excerpt":{"rendered":"<p>Kontaktformular<\/p>\n","protected":false},"author":1,"featured_media":3592,"parent":0,"menu_order":0,"comment_status":"closed","ping_status":"closed","template":"","meta":{"footnotes":""},"class_list":["post-3628","page","type-page","status-publish","has-post-thumbnail","hentry"],"_links":{"self":[{"href":"https:\/\/www.intermax.com.tr\/de\/wp-json\/wp\/v2\/pages\/3628","targetHints":{"allow":["GET"]}}],"collection":[{"href":"https:\/\/www.intermax.com.tr\/de\/wp-json\/wp\/v2\/pages"}],"about":[{"href":"https:\/\/www.intermax.com.tr\/de\/wp-json\/wp\/v2\/types\/page"}],"author":[{"embeddable":true,"href":"https:\/\/www.intermax.com.tr\/de\/wp-json\/wp\/v2\/users\/1"}],"replies":[{"embeddable":true,"href":"https:\/\/www.intermax.com.tr\/de\/wp-json\/wp\/v2\/comments?post=3628"}],"version-history":[{"count":7,"href":"https:\/\/www.intermax.com.tr\/de\/wp-json\/wp\/v2\/pages\/3628\/revisions"}],"predecessor-version":[{"id":4285,"href":"https:\/\/www.intermax.com.tr\/de\/wp-json\/wp\/v2\/pages\/3628\/revisions\/4285"}],"wp:featuredmedia":[{"embeddable":true,"href":"https:\/\/www.intermax.com.tr\/de\/wp-json\/wp\/v2\/media\/3592"}],"wp:attachment":[{"href":"https:\/\/www.intermax.com.tr\/de\/wp-json\/wp\/v2\/media?parent=3628"}],"curies":[{"name":"wp","href":"https:\/\/api.w.org\/{rel}","templated":true}]}}